{"id":61,"date":"2012-03-15T11:33:12","date_gmt":"2012-03-15T11:33:12","guid":{"rendered":"https:\/\/muttonen.headroom.at\/?page_id=61"},"modified":"2017-12-21T17:05:10","modified_gmt":"2017-12-21T17:05:10","slug":"uber-mich","status":"publish","type":"page","link":"https:\/\/christine-muttonen.at\/?page_id=61","title":{"rendered":"\u00dcber mich"},"content":{"rendered":"<p style=\"text-align: left;\"><a href=\"https:\/\/christine-muttonen.at\/wp-content\/uploads\/2012\/03\/Christa-vor-dem-Parlament34.jpg\"><img loading=\"lazy\" decoding=\"async\" class=\"alignleft size-thumbnail wp-image-3271\" title=\"Abgeordnetenportr\u00e4t der 24. Gesetzgebungsperiode\" src=\"https:\/\/christine-muttonen.at\/wp-content\/uploads\/2012\/03\/Christa-vor-dem-Parlament34-150x150.jpg\" alt=\"\" width=\"150\" height=\"150\" \/><\/a><strong>Pers\u00f6nliche Daten<\/strong><\/p>\n<p style=\"text-align: left;\"><strong>Geburtsda<\/strong><strong>tum: <\/strong>16.<sup>.<\/sup>Juli 1954<br \/>\n<strong>Wohnort: <\/strong>Villach, \u00d6sterreich<br \/>\n<strong>Familienstand: <\/strong>Verheiratet, Mutter\u00a0einer\u00a0\u00a0Tochter<br \/>\n<strong>Studium: <\/strong>Anglistik und Geschichte<br \/>\n<strong>Erlernter Beruf: <\/strong>Lehrerin<\/p>\n<p>&nbsp;<\/p>\n<p>&nbsp;<\/p>\n<p>&nbsp;<\/p>\n<p>&nbsp;<\/p>\n<p><strong>Politische Mandate und Funktionen<\/strong><\/p>\n<p><strong>\u00a0<\/strong><span style=\"font-family: Times New Roman;\"><span style=\"font-size: small;\"><br clear=\"ALL\" \/><\/span><\/span><\/p>\n<table style=\"width: 564px; height: 360px;\" border=\"0\" cellspacing=\"0\" cellpadding=\"0\">\n<tbody>\n<tr>\n<td valign=\"top\" width=\"104\"><span style=\"font-size: small; line-height: 19px;\">2016- 11.2017<br \/>\n<\/span><\/td>\n<td valign=\"top\"><span style=\"font-size: small;\">Pr\u00e4sidentin der Parlamentarischen Versammlung der OSZE (OSZE-PV), sowie deren Sonderbeauftragte f\u00fcr Zentral- und Ostasien<br \/>\n<\/span><\/td>\n<\/tr>\n<tr>\n<td valign=\"top\" width=\"104\"><span style=\"font-size: small;\">2014-2016<\/span><\/td>\n<td valign=\"top\"><span style=\"font-size: small;\">Vize-Pr\u00e4sidentin der OSZE-PV sowie stv. Leiterin der \u00f6sterreichischen Delegation<\/span><\/td>\n<\/tr>\n<tr>\n<td valign=\"top\" width=\"104\"><span style=\"font-size: small;\">2014-2017<\/span><\/td>\n<td valign=\"top\">C<span style=\"font-size: small;\">o-Pr\u00e4sidentin der \u201eParliamentarians for Nuclear Non-Proliferation and Disarmament\u201c<\/span><\/td>\n<\/tr>\n<tr>\n<td valign=\"top\" width=\"104\"><span style=\"font-size: small;\">2009-2017<br \/>\n<\/span><\/td>\n<td valign=\"top\"><span style=\"font-size: small;\">Bereichssprecherin der Sozialdemokratischen Parlamentsfraktion f\u00fcr Au\u00dfen- und EU-Politik; Obmannstellvertreterin im Europa-Ausschuss des Nationalrates; Mitglied des au\u00dfenpolitischen Ausschusses des Nationalrates; Mitglied im nationalen Sicherheitsrat<\/span><\/td>\n<\/tr>\n<tr>\n<td valign=\"top\" width=\"104\"><span style=\"font-size: small;\">2003\u20132009<\/span><\/td>\n<td valign=\"top\"><span style=\"font-size: small;\">Obfrau des Kulturausschusses des Nationalrates<\/span><\/td>\n<\/tr>\n<tr>\n<td valign=\"top\" width=\"104\"><span style=\"font-size: small;\">2003-2017<\/span><\/td>\n<td valign=\"top\"><span style=\"font-size: small;\">Mitglied der \u00f6sterreichischen Delegation zur Parlamentarischen Versammlung des Europarates (u.a. Stv. Vorsitzende des Unterausschusses f\u00fcr das kulturelle Erbe; Mitglied des Ausschusses f\u00fcr Politik und Demokratie; mehrfache Berichterstatterin)<\/span><\/td>\n<\/tr>\n<tr>\n<td valign=\"top\" width=\"104\"><span style=\"font-size: small;\">2000-2017<\/span><\/td>\n<td valign=\"top\"><span style=\"font-size: small;\">Mitglied der \u00f6sterreichischen Delegation zur OSZE-PV<\/span><\/td>\n<\/tr>\n<tr>\n<td valign=\"top\" width=\"104\"><span style=\"font-size: small;\">1999-2017<\/span><\/td>\n<td valign=\"top\" nowrap=\"nowrap\"><span style=\"font-size: small;\">Abgeordnete zum Nationalrat <\/span><\/td>\n<\/tr>\n<tr>\n<td valign=\"top\" width=\"104\"><span style=\"font-size: small;\">1997 \u2013 1999<\/span><\/td>\n<td valign=\"top\"><span style=\"font-size: small;\">Mitglied des Gemeinderates der Stadt Villach<\/span><\/td>\n<\/tr>\n<\/tbody>\n<\/table>\n<p><\/p>\n","protected":false},"excerpt":{"rendered":"<p>Pers\u00f6nliche Daten Geburtsdatum: 16..Juli 1954 Wohnort: Villach, \u00d6sterreich Familienstand: Verheiratet, Mutter\u00a0einer\u00a0\u00a0Tochter Studium: Anglistik und Geschichte Erlernter Beruf: Lehrerin &nbsp; &nbsp; &nbsp; &nbsp; Politische Mandate und Funktionen \u00a0 2016- 11.2017 Pr\u00e4sidentin der Parlamentarischen Versammlung der OSZE (OSZE-PV), sowie deren Sonderbeauftragte f\u00fcr Zentral- und Ostasien 2014-2016 Vize-Pr\u00e4sidentin der OSZE-PV sowie stv. Leiterin der \u00f6sterreichischen Delegation 2014-2017 Co-Pr\u00e4sidentin [&hellip;]<\/p>\n","protected":false},"author":2,"featured_media":0,"parent":0,"menu_order":0,"comment_status":"closed","ping_status":"closed","template":"","meta":{"ngg_post_thumbnail":0,"footnotes":""},"class_list":["post-61","page","type-page","status-publish","hentry"],"_links":{"self":[{"href":"https:\/\/christine-muttonen.at\/index.php?rest_route=\/wp\/v2\/pages\/61","targetHints":{"allow":["GET"]}}],"collection":[{"href":"https:\/\/christine-muttonen.at\/index.php?rest_route=\/wp\/v2\/pages"}],"about":[{"href":"https:\/\/christine-muttonen.at\/index.php?rest_route=\/wp\/v2\/types\/page"}],"author":[{"embeddable":true,"href":"https:\/\/christine-muttonen.at\/index.php?rest_route=\/wp\/v2\/users\/2"}],"replies":[{"embeddable":true,"href":"https:\/\/christine-muttonen.at\/index.php?rest_route=%2Fwp%2Fv2%2Fcomments&post=61"}],"version-history":[{"count":22,"href":"https:\/\/christine-muttonen.at\/index.php?rest_route=\/wp\/v2\/pages\/61\/revisions"}],"predecessor-version":[{"id":67,"href":"https:\/\/christine-muttonen.at\/index.php?rest_route=\/wp\/v2\/pages\/61\/revisions\/67"}],"wp:attachment":[{"href":"https:\/\/christine-muttonen.at\/index.php?rest_route=%2Fwp%2Fv2%2Fmedia&parent=61"}],"curies":[{"name":"wp","href":"https:\/\/api.w.org\/{rel}","templated":true}]}}